{"id":149,"date":"2019-08-04T00:33:57","date_gmt":"2019-08-04T03:33:57","guid":{"rendered":"http:\/\/gandhiembalagens.com.br\/?page_id=149"},"modified":"2019-12-03T02:43:03","modified_gmt":"2019-12-03T05:43:03","slug":"home","status":"publish","type":"page","link":"http:\/\/gandhiembalagens.com.br\/","title":{"rendered":"HOME"},"content":{"rendered":"<p>[et_pb_section fb_built=&#8221;1&#8243; _builder_version=&#8221;3.26.6&#8243; custom_padding=&#8221;0|0px|0|0px|false|false&#8221;][et_pb_row make_fullwidth=&#8221;on&#8221; _builder_version=&#8221;3.19.9&#8243; custom_padding=&#8221;0|0px|0px|0px|false|false&#8221;][et_pb_column type=&#8221;4_4&#8243; _builder_version=&#8221;3.19.9&#8243; parallax=&#8221;off&#8221; parallax_method=&#8221;on&#8221;][et_pb_gallery gallery_ids=&#8221;417,50,45,49,48,41,44,490&#8243; fullwidth=&#8221;on&#8221; _builder_version=&#8221;3.19.9&#8243; auto=&#8221;on&#8221;][\/et_pb_gallery][\/et_pb_column][\/et_pb_row][et_pb_row _builder_version=&#8221;3.19.9&#8243;][et_pb_column type=&#8221;4_4&#8243; _builder_version=&#8221;3.19.9&#8243; parallax=&#8221;off&#8221; parallax_method=&#8221;on&#8221;][et_pb_text text_font_size=&#8221;14px&#8221; header_2_font_size=&#8221;20px&#8221; _builder_version=&#8221;3.19.9&#8243; header_font=&#8221;||||||||&#8221; header_2_font=&#8221;||||||||&#8221; text_font=&#8221;||||||||&#8221;]<\/p>\n<p style=\"text-align: center;\"><span><\/span><\/p>\n<p style=\"text-align: center;\"><span>Uma empresa com mais de trinta anos atuando no segmento de embalagens de papel cart\u00e3o para o com\u00e9rcio e ind\u00fastria.<\/span><\/p>\n<p style=\"text-align: center;\"><span>Tradi\u00e7\u00e3o, qualidade e custo-benef\u00edcio em produ\u00e7\u00e3o gr\u00e1fica de embalagens.<\/span><\/p>\n<p style=\"text-align: center;\"><span>Auxiliamos na execu\u00e7\u00e3o de seu projeto sem nenhum custo adicional.<\/span><\/p>\n<p style=\"text-align: center;\"><span>Desenvolvemos uma forte parceria com nossos clientes, privilegiando o atendimento, prezando pela qualidade e o cumprimento do prazo de entrega.<\/span><\/p>\n<p style=\"text-align: center;\"><span><\/span><\/p>\n<p style=\"text-align: center;\"><span><\/span><\/p>\n<p>[\/et_pb_text][\/et_pb_column][\/et_pb_row][et_pb_row _builder_version=&#8221;3.19.9&#8243;][et_pb_column type=&#8221;4_4&#8243; _builder_version=&#8221;3.19.9&#8243; parallax=&#8221;off&#8221; parallax_method=&#8221;on&#8221;][et_pb_social_media_follow follow_button=&#8221;on&#8221; _builder_version=&#8221;3.19.9&#8243; text_orientation=&#8221;center&#8221;][et_pb_social_media_follow_network social_network=&#8221;instagram&#8221; url=&#8221;https:\/\/www.instagram.com\/gandhiembalagens\/?hl=pt-br&#8221; _builder_version=&#8221;3.19.9&#8243; background_color=&#8221;#ea2c59&#8243; follow_button=&#8221;on&#8221; url_new_window=&#8221;on&#8221;]instagram[\/et_pb_social_media_follow_network][\/et_pb_social_media_follow][\/et_pb_column][\/et_pb_row][et_pb_row make_fullwidth=&#8221;on&#8221; use_custom_gutter=&#8221;on&#8221; custom_padding=&#8221;0|0px|0|0px|false|false&#8221; _builder_version=&#8221;3.19.9&#8243; module_alignment=&#8221;center&#8221;][et_pb_column type=&#8221;4_4&#8243; _builder_version=&#8221;3.19.9&#8243; parallax=&#8221;off&#8221; parallax_method=&#8221;on&#8221;][et_pb_cta button_text=&#8221;Click Here&#8221; _builder_version=&#8221;3.19.9&#8243; body_font=&#8221;||||||||&#8221; background_color=&#8221;#77040c&#8221; max_width_last_edited=&#8221;on|phone&#8221; custom_margin_last_edited=&#8221;off|desktop&#8221; saved_tabs=&#8221;all&#8221;]<\/p>\n<p>Rua Piau\u00ed, 129 &#8211; Todos os Santos | CEP 20.770-130 | Rio de Janeiro &#8211; RJ |<a href=\"mailto:%20contato@gandhiembalagens.com.br\"> contato@gandhiembalagens.com.br<\/a><\/p>\n<p>[\/et_pb_cta][\/et_pb_column][\/et_pb_row][\/et_pb_section]<\/p>\n","protected":false},"excerpt":{"rendered":"<p>[et_pb_section fb_built=&#8221;1&#8243; _builder_version=&#8221;3.26.6&#8243; custom_padding=&#8221;0|0px|0|0px|false|false&#8221;][et_pb_row make_fullwidth=&#8221;on&#8221; _builder_version=&#8221;3.19.9&#8243; custom_padding=&#8221;0|0px|0px|0px|false|false&#8221;][et_pb_column type=&#8221;4_4&#8243; _builder_version=&#8221;3.19.9&#8243; parallax=&#8221;off&#8221; parallax_method=&#8221;on&#8221;][et_pb_gallery gallery_ids=&#8221;417,50,45,49,48,41,44,490&#8243; fullwidth=&#8221;on&#8221; _builder_version=&#8221;3.19.9&#8243; auto=&#8221;on&#8221;][\/et_pb_gallery][\/et_pb_column][\/et_pb_row][et_pb_row _builder_version=&#8221;3.19.9&#8243;][et_pb_column type=&#8221;4_4&#8243; _builder_version=&#8221;3.19.9&#8243; parallax=&#8221;off&#8221; parallax_method=&#8221;on&#8221;][et_pb_text text_font_size=&#8221;14px&#8221; header_2_font_size=&#8221;20px&#8221; _builder_version=&#8221;3.19.9&#8243; header_font=&#8221;||||||||&#8221; header_2_font=&#8221;||||||||&#8221; text_font=&#8221;||||||||&#8221;] Uma empresa com mais de trinta anos atuando no segmento de embalagens de papel cart\u00e3o para o com\u00e9rcio e ind\u00fastria. Tradi\u00e7\u00e3o, qualidade e custo-benef\u00edcio em produ\u00e7\u00e3o gr\u00e1fica de embalagens. [&hellip;]<\/p>\n","protected":false},"author":1,"featured_media":0,"parent":0,"menu_order":0,"comment_status":"closed","ping_status":"closed","template":"","meta":{"_et_pb_use_builder":"on","_et_pb_old_content":"","footnotes":""},"_links":{"self":[{"href":"http:\/\/gandhiembalagens.com.br\/index.php?rest_route=\/wp\/v2\/pages\/149"}],"collection":[{"href":"http:\/\/gandhiembalagens.com.br\/index.php?rest_route=\/wp\/v2\/pages"}],"about":[{"href":"http:\/\/gandhiembalagens.com.br\/index.php?rest_route=\/wp\/v2\/types\/page"}],"author":[{"embeddable":true,"href":"http:\/\/gandhiembalagens.com.br\/index.php?rest_route=\/wp\/v2\/users\/1"}],"replies":[{"embeddable":true,"href":"http:\/\/gandhiembalagens.com.br\/index.php?rest_route=%2Fwp%2Fv2%2Fcomments&post=149"}],"version-history":[{"count":44,"href":"http:\/\/gandhiembalagens.com.br\/index.php?rest_route=\/wp\/v2\/pages\/149\/revisions"}],"predecessor-version":[{"id":539,"href":"http:\/\/gandhiembalagens.com.br\/index.php?rest_route=\/wp\/v2\/pages\/149\/revisions\/539"}],"wp:attachment":[{"href":"http:\/\/gandhiembalagens.com.br\/index.php?rest_route=%2Fwp%2Fv2%2Fmedia&parent=149"}],"curies":[{"name":"wp","href":"https:\/\/api.w.org\/{rel}","templated":true}]}}